{"id":6184,"date":"2013-07-25T12:06:37","date_gmt":"2013-07-25T12:06:37","guid":{"rendered":"http:\/\/the7.dream-demo.com\/?page_id=6184"},"modified":"2016-11-04T10:36:03","modified_gmt":"2016-11-04T09:36:03","slug":"home-business-03","status":"publish","type":"page","link":"https:\/\/aplicamedia.com\/wordpress\/","title":{"rendered":"03 &#8211; Business"},"content":{"rendered":"<div class=\"wpb_row wf-container\" style=\"margin-top: 25px;margin-bottom: 25px\" >\n\t<div class=\"vc_col-sm-6 wpb_column column_container \">\n\t\t<div class=\"wpb_wrapper\">\n\t\t\t\n\t<div class=\"wpb_text_column wpb_content_element \">\n\t\t<div class=\"wpb_wrapper\">\n\t\t\t\n<h3>Servicios Integrales de Inform\u00e1tica!<\/h3>\n\n\t\t<\/div> \n\t<\/div>\n<div class=\"gap\" style=\"line-height: 20px; height: 20px;\"><\/div>\n\n\t<div class=\"wpb_text_column wpb_content_element \">\n\t\t<div class=\"wpb_wrapper\">\n\t\t\tServicios integrales de inform\u00e1tica, es decir casi todo. Acercamos clientes a tu negocio a trav\u00e9s de internet. Ayudamos a gestionar de forma eficaz tu empresa con programas inform\u00e1ticos.<\/p>\n<p>Ahorramos tiempo y dinero con la puesto a punto de ordenadores, port\u00e1tiles, m\u00f3viles e impresoras.<\/p>\n<p>Aseguramos tus datos con antivirus y copias de seguridad. Y por encima de todas las cosas hablamos claro.\n\t\t<\/div> \n\t<\/div> \n<div class=\"gap\" style=\"line-height: 40px; height: 40px;\"><\/div>\n\n\t\t<\/div> \n\t<\/div> \n\n\t<div class=\"vc_col-sm-6 wpb_column column_container \">\n\t\t<div class=\"wpb_wrapper\">\n\t\t\t\n\t<div class=\"wpb_text_column wpb_content_element \">\n\t\t<div class=\"wpb_wrapper\">\n\t\t\t\n<h3>Lo que podemos hacer por ti y por tu negocio<\/h3>\n\n\t\t<\/div> \n\t<\/div>\n<div class=\"gap\" style=\"line-height: 20px; height: 20px;\"><\/div>\n\n\t<div class=\"wpb_accordion wpb_content_element  not-column-inherit dt-style\" data-collapsible=no data-active-tab=\"1\">\n\t\t<div class=\"wpb_wrapper wpb_accordion_wrapper ui-accordion\">\n\t\t\t\n\t\t\t<div class=\"wpb_accordion_section group\">\n\t\t\t\t<h3 class=\"wpb_accordion_header ui-accordion-header\"><a href=\"#acercamos-clientes-a-tu-negocio-a-traves-de-internet\"><strong>Acercamos clientes a tu negocio<\/strong> a trav\u00e9s de internet<\/a><\/h3>\n\t\t\t\t<div class=\"wpb_accordion_content ui-accordion-content vc_clearfix\">\n\t\t\t\t\n\t<div class=\"wpb_text_column wpb_content_element \">\n\t\t<div class=\"wpb_wrapper\">\n\t\t\tHacemos y\/o actualizamos <strong>p\u00e1ginas web<\/strong> y <strong>tiendas online<\/strong>, registramos, renovamos o trasladamos tu nombre de negocio en internet as\u00ed como el espacio \u00f3ptimo para que la p\u00e1gina funcione correctamente. Le damos visibilidad a tu negocio en internet, resaltando lo que mejor sabes hacer o vender haci\u00e9ndolo llegar a aquellos clientes potenciales que todav\u00eda no se han enterado que existes, \u00f3 que sabes que existes pero les es complicado llegar a ti.\n\t\t<\/div> \n\t<\/div> \n\t\t\t\t<\/div>\n\t\t\t<\/div> \n\n\t\t\t<div class=\"wpb_accordion_section group\">\n\t\t\t\t<h3 class=\"wpb_accordion_header ui-accordion-header\"><a href=\"#ayudamos-a-gestionar-de-forma-eficaz-tu-empresa-con-programas-informaticos\"><strong>Ayudamos a gestionar de forma eficaz tu empresa<\/strong> con programas inform\u00e1ticos<\/a><\/h3>\n\t\t\t\t<div class=\"wpb_accordion_content ui-accordion-content vc_clearfix\">\n\t\t\t\t\n\t<div class=\"wpb_text_column wpb_content_element \">\n\t\t<div class=\"wpb_wrapper\">\n\t\t\tDesarrollamos o implantamos programas inform\u00e1ticos que te hagan m\u00e1s f\u00e1cil el d\u00eda a d\u00eda en la gesti\u00f3n de tu negocio, y sobre todo que lo controles, programas de facturaci\u00f3n, de control comercial, de empleados, aplicaciones m\u00f3viles para iPhones y dem\u00e1s tel\u00e9fonos.\n\t\t<\/div> \n\t<\/div> \n\t\t\t\t<\/div>\n\t\t\t<\/div> \n\n\t\t\t<div class=\"wpb_accordion_section group\">\n\t\t\t\t<h3 class=\"wpb_accordion_header ui-accordion-header\"><a href=\"#te-ahorramos-tiempo-y-dinero\"><strong>Te ahorramos tiempo y dinero<\/strong><\/a><\/h3>\n\t\t\t\t<div class=\"wpb_accordion_content ui-accordion-content vc_clearfix\">\n\t\t\t\t\n\t<div class=\"wpb_text_column wpb_content_element \">\n\t\t<div class=\"wpb_wrapper\">\n\t\t\tAhorramos tiempo y dinero con la puesto a punto de ordenadores, port\u00e1tiles, m\u00f3viles e impresoras: Vendemos, arreglamos y\/o configuramos ordenadores, port\u00e1tiles, impresoras, moviles, correos electr\u00f3nicos, hojas Excel, programas, contabilidad.\n\t\t<\/div> \n\t<\/div> \n\t\t\t\t<\/div>\n\t\t\t<\/div> \n\n\t\t\t<div class=\"wpb_accordion_section group\">\n\t\t\t\t<h3 class=\"wpb_accordion_header ui-accordion-header\"><a href=\"#protegemos-tus-datos\"><strong>Protegemos tus datos<\/strong><\/a><\/h3>\n\t\t\t\t<div class=\"wpb_accordion_content ui-accordion-content vc_clearfix\">\n\t\t\t\t\n\t<div class=\"wpb_text_column wpb_content_element \">\n\t\t<div class=\"wpb_wrapper\">\n\t\t\tPacks de Seguridad en internet, antivirus y backups de seguridad: Vendemos y\/o configuramos antivirus y programas de copias de seguridad para que tengas tu informaci\u00f3n a salvo de imprevistos&#8230; que cada d\u00eda son m\u00e1s frecuentes.\n\t\t<\/div> \n\t<\/div> \n\t\t\t\t<\/div>\n\t\t\t<\/div> \n\n\t\t<\/div> \n\t<\/div> \n<div class=\"gap\" style=\"line-height: 40px; height: 40px;\"><\/div>\n\n\t\t<\/div> \n\t<\/div> \n<\/div><div class=\"stripe stripe-style-2\" style=\"background-position: top;background-repeat: repeat;background-attachment: scroll;background-size: auto;padding-top: 60px;padding-bottom: 35px;margin-top: 0px;margin-bottom: 0px\"><div class=\"wpb_row wf-container\" style=\"\" >\n\t<div class=\"vc_col-sm-3 wpb_column column_container \">\n\t\t<div class=\"wpb_wrapper\">\n\t\t\t\n\t<div class=\"wpb_text_column wpb_content_element \">\n\t\t<div class=\"wpb_wrapper\">\n\t\t\t\n<h3>Filosof\u00eda de empresa: <strong>Hablar Claro!<\/strong><\/h3>\n\n\t\t<\/div> \n\t<\/div>\n<div class=\"gap\" style=\"line-height: 20px; height: 20px;\"><\/div>\n\n\t<div class=\"wpb_text_column wpb_content_element \">\n\t\t<div class=\"wpb_wrapper\">\n\t\t\tEn lo que m\u00e1s experiencia tenemos es en traducir el lenguaje del mundo inform\u00e1tico: Haremos de \u00abtraductores\u00bb y mediadores de todo lo que necesites \u00abinform\u00e1ticamente\u00bb hablando. Trataremos de que lo entiendas, conozcas lo que implica y lo que cuesta en tiempo y recursos. No queremos que tengas nada que no necesites.<\/p>\n<p>En este mundo de la inform\u00e1tica y las nuevas tecnolog\u00edas, no todos tienen la experiencia para\u00a0saber\u00a0unir correctamente todas las piezas del puzlle,\u00a0\u00a0o armar todos los colores de las caras de un cubo sin un usar destornillador o un martillo. Aplicamedia si. Y juntos uniremos\u00a0las piezas de tu proyecto (&#8230;sin martillos)<\/p>\n<h3><strong>No te vamos a enga\u00f1ar&#8230;<\/strong><\/h3>\n<p>En cuanto al coste de todos nuestros servicios: Todos son de pago. Es lo que tiene la calidad.<\/p>\n<p>Aunque tambi\u00e9n se permiten, ca\u00f1as, comidas y regalos, nuestro tiempo vale igual que el tuyo. Cuanto mejor entendamos tus necesidades, mas f\u00e1cil ser\u00e1 ahorrarte tiempo, dinero (y mejor ser\u00e1 nuestra experiencia juntos). \n\t\t<\/div> \n\t<\/div> \n<div class=\"gap\" style=\"line-height: 10px; height: 10px;\"><\/div>\n<div class=\"gap\" style=\"line-height: 40px; height: 40px;\"><\/div>\n\n\t\t<\/div> \n\t<\/div> \n\n\t<div class=\"vc_col-sm-9 wpb_column column_container \">\n\t\t<div class=\"wpb_wrapper\">\n\t\t\t<section id=\"benefits-grid-1\" class=\"benefits-grid wf-container benefits-style-two icons-bg\"><style type='text\/css'>#benefits-grid-1.icons-bg .benefits-grid-ico {-webkit-border-radius: 30px;-moz-border-radius:    30px;-ms-border-radius:     30px;-o-border-radius:      30px;border-radius:         30px;}<\/style><div class=\"wf-cell wf-1-2\"><div><div class=\"text-normal\"><div class=\"wf-table\"><div class=\"wf-td\"><span class=\"benefits-grid-ico\"><i class=\"fa fa-magic\"><\/i><\/span><\/div><div class=\"wf-td benefits-inner\"><h5>Como lo hace Aplicamedia<\/h5><p>Aunque somos muy j\u00f3venes,cada uno de nosotros lleva m\u00e1s de 12 a\u00f1os a sus espaldas\u00a0en el mundo inform\u00e1tico. Muchos servicios son de producci\u00f3n propia y otros los subcontratamos. \u00a0\u00bfPor qu\u00e9 subcontratamos? Lo hacemos para que tengas la seguridad de que buscamos siempre la mejor soluci\u00f3n a tus necesidades. Siempre con nuestro soporte e\u00a0interlocuci\u00f3n.<\/p>\n<p><strong>Si tu ganas nosotros ganamos.<\/strong><\/p>\n<\/div><\/div><\/div><\/div><\/div><div class=\"wf-cell wf-1-2\"><div><div class=\"text-normal\"><div class=\"wf-table\"><div class=\"wf-td\"><span class=\"benefits-grid-ico\"><i class=\"fa fa-group\"><\/i><\/span><\/div><div class=\"wf-td benefits-inner\"><h5>\u00bfQuienes somos&#8230;o&#8230;\u00bfQue somos?<\/h5><p>La vida,y sobre todo la relacionada con la tecnolog\u00eda, da muchas\u00a0vueltas. Aplicamedia actualiza su plantilla para adaptarse a un mundo que cambia.<\/p>\n<p>Somos como t\u00fa, trabajadores, unos m\u00e1s que otros, pero todos con clara vocaci\u00f3n tecnol\u00f3gica e inform\u00e1tica y los conocimientos y la experienca\u00a0que diferencian a los que \u00absaben y pueden\u00bb &#8230;.de aquellos que ponen en el curriculum \u00abnivel de ingl\u00e9s avanzado\u00bb, mientras\u00a0traducien todo con <em>Google Translator.<\/em><\/p>\n<\/div><\/div><\/div><\/div><\/div><div class=\"wf-cell wf-1-2\"><div><div class=\"text-normal\"><div class=\"wf-table\"><div class=\"wf-td\"><span class=\"benefits-grid-ico\"><i class=\"fa fa-briefcase\"><\/i><\/span><\/div><div class=\"wf-td benefits-inner\"><h5>Todos nuestros clientes<\/h5><p>Mostrar el portafolio de\u00a0clientes nos parece una manera muy socorrida de rellenar espacio, &#8230;de sacar pecho poniendo los m\u00e1s grandes, cuando en realidad cuentan todos hasta el m\u00e1s peque\u00f1o.<\/p>\n<p>&nbsp;<\/p>\n<p>Nuestra cartera de clientes se compone de empresas de todos los tama\u00f1os, grandes, medianas y peque\u00f1as. A d\u00eda de hoy, subiendo con fuerza, muchos\u00a0trabajadores aut\u00f3nomos solicitan nuestros servicios.<\/p>\n<p>Con\u00a0m\u00e1s de 260 clientes (y subiendo) lo que m\u00e1s nos enorgullece es la fidelidad de\u00a0m\u00e1s del 95 %, de ellos y con m\u00e1s de 3 productos\/servicios anuales con nosotros que les reportan los beneficios que les prometimos al contratarnos.<\/p>\n<\/div><\/div><\/div><\/div><\/div><div class=\"wf-cell wf-1-2\"><div><div class=\"text-normal\"><div class=\"wf-table\"><div class=\"wf-td\"><span class=\"benefits-grid-ico\"><i class=\"fa fa-map-marker\"><\/i><\/span><\/div><div class=\"wf-td benefits-inner\"><h5>Donde estamos<\/h5><p>Por suerte estamos por toda la pen\u00ednsula, a veces hasta fuera de ella, todo depende del cliente.<\/p>\n<p>&nbsp;<\/p>\n<p>Nuestras oficinas centrales desde donde se reparten muchas cosas y se organiza el trabajo para poder seguir siendo competitivos est\u00e1n en Bilbao, en la gran v\u00eda, en el 19. No sabemos para que tan c\u00e9ntricos si siempre nos tenemos que desplazar, pero no importa, si tu ganas nosotros ganamos.<\/p>\n<\/div><\/div><\/div><\/div><\/div><\/section>\n<div class=\"gap\" style=\"line-height: 30px; height: 30px;\"><\/div>\n\n\t\t<\/div> \n\t<\/div> \n<\/div><\/div><div class=\"wpb_row wf-container\" style=\"margin-top: 60px;margin-bottom: 60px\" >\n\t<div class=\"vc_col-sm-3 wpb_column column_container \">\n\t\t<div class=\"wpb_wrapper\">\n\t\t\t\n\t<div class=\"wpb_text_column wpb_content_element \">\n\t\t<div class=\"wpb_wrapper\">\n\t\t\t\n<div class=\"wpb_row wf-container\" style=\"margin-top: 25px;margin-bottom: 25px\" ><\/div>\n\t<div class=\"vc_col-sm-6 wpb_column column_container \">\n\t\t<div class=\"wpb_wrapper\">\n\t\t\t\n\t\t<\/div> \n\t<\/div> \n\n\t<div class=\"wpb_text_column wpb_content_element \">\n\t\t<div class=\"wpb_wrapper\">\n\t\t\t\n\t\t<\/div> \n\t<\/div>\n<h3>Contacta con nosotros<\/h3>\n\n\t\t<\/div> \n\t<\/div>\n<div class=\"gap\" style=\"line-height: 20px; height: 20px;\"><\/div>\n\n\t<div class=\"wpb_text_column wpb_content_element \">\n\t\t<div class=\"wpb_wrapper\">\n\t\t\t<strong>Todo lo dicho antes es solo palabrer\u00eda vac\u00eda que cualquiera puede escribir en una web.<\/strong><\/p>\n<p><strong>Contacta con nosotros, estaremos encantados de reunirnos y hablar para ver como podemos colaborar.<\/strong><\/p>\n<p><strong>Si no saliese nada,&#8230;al menos habremos tenido un rato de charla agradable.<\/strong><\/p>\n<p>&nbsp;<\/p>\n<div class=\"hr-thin\"><\/div>\n<p><span style=\"color: #336699;\"><strong>Aplicamedia Soluciones S.L.<\/strong><\/span><br \/>\n<span style=\"color: #336699;\"> <strong>Gran V\u00eda 19. 48001, Bilbao.<\/strong><\/span><\/p>\n<p><span style=\"color: #336699;\"><strong>T.+34 944 359 836<\/strong><\/span><br \/>\n<span style=\"color: #336699;\"> <strong>F.+34 944 359 600<\/strong><\/span><\/p>\n\n\t\t<\/div> \n\t<\/div> \n<div class=\"gap\" style=\"line-height: 40px; height: 40px;\"><\/div>\n\n\t\t<\/div> \n\t<\/div>\n<div class=\"vc_col-sm-6 wpb_column column_container \">\n\t\t<div class=\"wpb_wrapper\">\n\t\t\t<div class=\"wpb_row wf-container\" style=\"margin-top: 25px;margin-bottom: 25px\" ><\/div>\n\t<div class=\"vc_col-sm-6 wpb_column column_container \">\n\t\t<div class=\"wpb_wrapper\">\n\t\t\t\n\t\t<\/div> \n\t<\/div> \n<div class=\"wpb_row wf-container\" style=\"margin-top: 0px;margin-bottom: 0px\" ><\/div>\n\t<div class=\"vc_col-sm-12 wpb_column column_container \">\n\t\t<div class=\"wpb_wrapper\">\n\t\t\t\n\t\t<\/div> \n\t<\/div> \n[contact-form-7 id=\u00bb6&#8243; title=\u00bbFormulario de contacto 1&#8243;]<br \/>\n\n\t\t<\/div> \n\t<\/div> \n<\/div>\n","protected":false},"excerpt":{"rendered":"<p>Servicios Integrales de Inform\u00e1tica! Servicios integrales de inform\u00e1tica, es decir casi todo. Acercamos clientes a tu negocio a trav\u00e9s de internet. Ayudamos a gestionar de forma eficaz tu empresa con programas inform\u00e1ticos. Ahorramos tiempo y dinero con la puesto a punto de ordenadores, port\u00e1tiles, m\u00f3viles e impresoras. Aseguramos tus datos con antivirus y copias de seguridad. Y por encima de todas las cosas hablamos claro. Lo que podemos hacer por ti y por tu negocio Acercamos clientes a tu negocio a trav\u00e9s de internet Hacemos y\/o actualizamos p\u00e1ginas web y tiendas online, registramos, renovamos o trasladamos tu nombre de negocio en internet as\u00ed como el espacio \u00f3ptimo para que la&hellip;<\/p>\n","protected":false},"author":3,"featured_media":0,"parent":13635,"menu_order":39,"comment_status":"closed","ping_status":"closed","template":"","meta":{"footnotes":""},"class_list":["post-6184","page","type-page","status-publish","hentry"],"_links":{"self":[{"href":"https:\/\/aplicamedia.com\/wordpress\/index.php?rest_route=\/wp\/v2\/pages\/6184","targetHints":{"allow":["GET"]}}],"collection":[{"href":"https:\/\/aplicamedia.com\/wordpress\/index.php?rest_route=\/wp\/v2\/pages"}],"about":[{"href":"https:\/\/aplicamedia.com\/wordpress\/index.php?rest_route=\/wp\/v2\/types\/page"}],"author":[{"embeddable":true,"href":"https:\/\/aplicamedia.com\/wordpress\/index.php?rest_route=\/wp\/v2\/users\/3"}],"replies":[{"embeddable":true,"href":"https:\/\/aplicamedia.com\/wordpress\/index.php?rest_route=%2Fwp%2Fv2%2Fcomments&post=6184"}],"version-history":[{"count":19,"href":"https:\/\/aplicamedia.com\/wordpress\/index.php?rest_route=\/wp\/v2\/pages\/6184\/revisions"}],"predecessor-version":[{"id":23529,"href":"https:\/\/aplicamedia.com\/wordpress\/index.php?rest_route=\/wp\/v2\/pages\/6184\/revisions\/23529"}],"up":[{"embeddable":true,"href":"https:\/\/aplicamedia.com\/wordpress\/index.php?rest_route=\/wp\/v2\/pages\/13635"}],"wp:attachment":[{"href":"https:\/\/aplicamedia.com\/wordpress\/index.php?rest_route=%2Fwp%2Fv2%2Fmedia&parent=6184"}],"curies":[{"name":"wp","href":"https:\/\/api.w.org\/{rel}","templated":true}]}}